{"id":160,"date":"2024-09-13T19:37:53","date_gmt":"2024-09-13T22:37:53","guid":{"rendered":"https:\/\/blog.entrebits.com.br\/?page_id=160"},"modified":"2025-09-13T10:47:53","modified_gmt":"2025-09-13T13:47:53","slug":"politica-de-cookies","status":"publish","type":"page","link":"https:\/\/entrebits.com.br\/blog\/politica-de-cookies\/","title":{"rendered":"Pol\u00edtica de Cookies"},"content":{"rendered":"\t\t<div data-elementor-type=\"wp-page\" data-elementor-id=\"160\" class=\"elementor elementor-160\">\n\t\t\t\t<div class=\"elementor-element elementor-element-bcb31bf e-con-full e-flex e-con e-parent\" data-id=\"bcb31bf\" data-element_type=\"container\" data-e-type=\"container\">\n\t\t\t\t<div class=\"elementor-element elementor-element-4d2a3de elementor-widget elementor-widget-heading\" data-id=\"4d2a3de\" data-element_type=\"widget\" data-e-type=\"widget\" data-widget_type=\"heading.default\">\n\t\t\t\t<div class=\"elementor-widget-container\">\n\t\t\t\t\t<h2 class=\"elementor-heading-title elementor-size-default\">Pol\u00edtica de Cookies<\/h2>\t\t\t\t<\/div>\n\t\t\t\t<\/div>\n\t\t\t\t<div class=\"elementor-element elementor-element-a6739ee elementor-widget elementor-widget-html\" data-id=\"a6739ee\" data-element_type=\"widget\" data-e-type=\"widget\" data-widget_type=\"html.default\">\n\t\t\t\t<div class=\"elementor-widget-container\">\n\t\t\t\t\t<style>\r\n    a.cky-banner-element {\r\n        padding: 8px 30px;\r\n        background: #F8F9FA;\r\n        color: #858A8F;\r\n        border: 1px solid #DEE2E6;\r\n        box-sizing: border-box;\r\n        border-radius: 2px;\r\n        cursor: pointer;\r\n}\r\n<\/style>\r\n<h1 class=\"cookie-policy-h1\"><\/h1>\r\n<p>\r\n    <b>\u00daltima Atualiza\u00e7\u00e3o:<\/b> 13\/09\/2024\r\n<\/p>\r\n\r\n&nbsp;\r\n<h5>O que s\u00e3o cookies?<\/h5>\r\n<div class=\"cookie-policy-p\"><p>Esta Pol\u00edtica de Cookies explica o que s\u00e3o cookies e como os usamos, os tipos de cookies que usamos, ou seja, as informa\u00e7\u00f5es que coletamos usando cookies e como essas informa\u00e7\u00f5es s\u00e3o usadas, e como gerenciar as configura\u00e7\u00f5es de cookies.<\/p> <p>Cookies s\u00e3o pequenos arquivos de texto usados \u200b\u200bpara armazenar pequenas informa\u00e7\u00f5es. Eles s\u00e3o armazenados no seu dispositivo quando o site \u00e9 carregado no seu navegador. Esses cookies nos ajudam a fazer o site funcionar corretamente, torn\u00e1-lo mais seguro, fornecer melhor experi\u00eancia ao usu\u00e1rio e entender como o site funciona e analisar o que funciona e onde precisa de melhorias.<\/p><\/div>\r\n\r\n&nbsp;\r\n<h5>Como usamos cookies?<\/h5>\r\n<div class=\"cookie-policy-p\"><p>Como a maioria dos servi\u00e7os on-line, nosso site usa cookies prim\u00e1rios e de terceiros para v\u00e1rios prop\u00f3sitos. Os cookies prim\u00e1rios s\u00e3o principalmente necess\u00e1rios para que o site funcione corretamente e n\u00e3o coletam nenhum dado pessoalmente identific\u00e1vel.<\/p> <p>Os cookies de terceiros usados \u200b\u200bem nosso site s\u00e3o principalmente para entender como o site funciona, como voc\u00ea interage com nosso site, manter nossos servi\u00e7os seguros, fornecer an\u00fancios que sejam relevantes para voc\u00ea e, em suma, fornecer a voc\u00ea uma experi\u00eancia de usu\u00e1rio melhor e aprimorada e ajudar a acelerar suas futuras intera\u00e7\u00f5es com nosso site.<\/p><\/div>\r\n\r\n&nbsp;\r\n    <h5>Tipos de Cookies que utilizamos<\/h5>\r\n    <div class=\"cky-audit-table-element\"><\/div>\r\n&nbsp;\r\n    <h5 style=\"margin-bottom:20px;\">Gerenciar prefer\u00eancias de Cookies<\/h5>\r\n    <a class=\"cky-banner-element\">Prefer\u00eancias de Cookies<\/a> <br\/><br\/>\r\n    <div><p>Voc\u00ea pode alterar suas prefer\u00eancias de cookies a qualquer momento clicando no bot\u00e3o acima. Isso permitir\u00e1 que voc\u00ea revisite o banner de consentimento de cookies e altere suas prefer\u00eancias ou retire seu consentimento imediatamente.<\/p><p>Al\u00e9m disso, diferentes navegadores fornecem m\u00e9todos diferentes para bloquear e excluir cookies usados \u200b\u200bpor sites. Voc\u00ea pode alterar as configura\u00e7\u00f5es do seu navegador para bloquear\/excluir os cookies. Listados abaixo est\u00e3o os links para os documentos de suporte sobre como gerenciar e excluir cookies dos principais navegadores da web.<\/p><p>Chrome: <a href=\"https:\/\/support.google.com\/accounts\/answer\/32050\" rel=\"noopener noreferrer\" target=\"_blank\">https:\/\/support.google.com\/accounts\/answer\/32050<\/a><\/p><p>Safari: <a href=\"https:\/\/support.apple.com\/en-in\/guide\/safari\/sfri11471\/mac\" rel=\"noopener noreferrer\" target=\"_blank\">https:\/\/support.apple.com\/en-in\/guide\/safari\/sfri11471\/mac<\/a><\/p><p>Firefox: <a href=\"https:\/\/support.mozilla.org\/en-US\/kb\/clear-cookies-and-site-data-firefox?redirectslug=delete-cookies-remove-info-websites-stored&amp;redirectlocale=en-US\" rel=\"noopener noreferrer\" target=\"_blank\">https:\/\/support.mozilla.org\/en-US\/kb\/clear-cookies-and-site-data-firefox?redirectslug=delete-cookies-remove-info-websites-stored&amp;redirectlocale=en-US<\/a><\/p><p>Internet Explorer: <a href=\"https:\/\/support.microsoft.com\/en-us\/topic\/how-to-delete-cookie-files-in-internet-explorer-bca9446f-d873-78de-77ba-d42645fa52fc\" rel=\"noopener noreferrer\" target=\"_blank\">https:\/\/support.microsoft.com\/en-us\/topic\/how-to-delete-cookie-files-in-internet-explorer-bca9446f-d873-78de-77ba-d42645fa52fc<\/a><\/p><p>Se voc\u00ea estiver usando qualquer outro navegador da web, visite os documentos oficiais de suporte do seu navegador.<\/p><\/div>\r\n\r\n\r\n&nbsp;\r\n<p class=\"cookie-policy-p\">\r\n    Cookie Policy Generated By <a target=\"_blank\" href=\"https:\/\/www.cookieyes.com\/?utm_source=CP&utm_medium=footer&utm_campaign=UW\">CookieYes - Cookie Policy Generator<\/a>.\r\n<\/p>\t\t\t\t<\/div>\n\t\t\t\t<\/div>\n\t\t\t\t<\/div>\n\t\t<div class=\"elementor-element elementor-element-b182697 e-flex e-con-boxed e-con e-parent\" data-id=\"b182697\" data-element_type=\"container\" data-e-type=\"container\">\n\t\t\t\t\t<div class=\"e-con-inner\">\n\t\t\t\t<div class=\"elementor-element elementor-element-8da880a elementor-widget elementor-widget-html\" data-id=\"8da880a\" data-element_type=\"widget\" data-e-type=\"widget\" data-widget_type=\"html.default\">\n\t\t\t\t<div class=\"elementor-widget-container\">\n\t\t\t\t\t<script async src=\"https:\/\/pagead2.googlesyndication.com\/pagead\/js\/adsbygoogle.js?client=ca-pub-1456430767910713\"\r\n     crossorigin=\"anonymous\"><\/script>\r\n<ins class=\"adsbygoogle\"\r\n     style=\"display:block\"\r\n     data-ad-format=\"autorelaxed\"\r\n     data-ad-client=\"ca-pub-1456430767910713\"\r\n     data-ad-slot=\"3918157459\"><\/ins>\r\n<script>\r\n     (adsbygoogle = window.adsbygoogle || []).push({});\r\n<\/script>\t\t\t\t<\/div>\n\t\t\t\t<\/div>\n\t\t\t\t\t<\/div>\n\t\t\t\t<\/div>\n\t\t\t\t<\/div>\n\t\t","protected":false},"excerpt":{"rendered":"<p>Pol\u00edtica de Cookies \u00daltima Atualiza\u00e7\u00e3o: 13\/09\/2024 &nbsp; O que s\u00e3o cookies? Esta Pol\u00edtica de Cookies explica o que s\u00e3o cookies e como os usamos, os tipos de cookies que usamos, ou seja, as informa\u00e7\u00f5es que coletamos usando cookies e como essas informa\u00e7\u00f5es s\u00e3o usadas, e como gerenciar as configura\u00e7\u00f5es de cookies. Cookies s\u00e3o pequenos arquivos [&hellip;]<\/p>\n","protected":false},"author":1,"featured_media":0,"parent":0,"menu_order":0,"comment_status":"closed","ping_status":"closed","template":"","meta":{"footnotes":""},"class_list":["post-160","page","type-page","status-publish","hentry","entry"],"yoast_head":"<!-- This site is optimized with the Yoast SEO plugin v27.3 - https:\/\/yoast.com\/product\/yoast-seo-wordpress\/ -->\n<title>Pol\u00edtica de Cookies | De bit em bit Blog<\/title>\n<meta name=\"description\" content=\"Saiba como utilizamos cookies para melhorar sua experi\u00eancia em nosso site. Esta p\u00e1gina explica o que s\u00e3o cookies, como os usamos e como voc\u00ea pode gerenciar suas prefer\u00eancias. Sua privacidade e controle s\u00e3o importantes para n\u00f3s!\" \/>\n<meta name=\"robots\" content=\"index, follow, max-snippet:-1, max-image-preview:large, max-video-preview:-1\" \/>\n<link rel=\"canonical\" href=\"https:\/\/entrebits.com.br\/blog\/politica-de-cookies\/\" \/>\n<meta property=\"og:locale\" content=\"pt_BR\" \/>\n<meta property=\"og:type\" content=\"article\" \/>\n<meta property=\"og:title\" content=\"Pol\u00edtica de Cookies | De bit em bit Blog\" \/>\n<meta property=\"og:description\" content=\"Saiba como utilizamos cookies para melhorar sua experi\u00eancia em nosso site. Esta p\u00e1gina explica o que s\u00e3o cookies, como os usamos e como voc\u00ea pode gerenciar suas prefer\u00eancias. Sua privacidade e controle s\u00e3o importantes para n\u00f3s!\" \/>\n<meta property=\"og:url\" content=\"https:\/\/entrebits.com.br\/blog\/politica-de-cookies\/\" \/>\n<meta property=\"og:site_name\" content=\"De bit em bit Blog\" \/>\n<meta property=\"article:modified_time\" content=\"2025-09-13T13:47:53+00:00\" \/>\n<meta name=\"twitter:card\" content=\"summary_large_image\" \/>\n<meta name=\"twitter:label1\" content=\"Est. tempo de leitura\" \/>\n\t<meta name=\"twitter:data1\" content=\"2 minutos\" \/>\n<script type=\"application\/ld+json\" class=\"yoast-schema-graph\">{\"@context\":\"https:\\\/\\\/schema.org\",\"@graph\":[{\"@type\":\"WebPage\",\"@id\":\"https:\\\/\\\/entrebits.com.br\\\/blog\\\/politica-de-cookies\\\/\",\"url\":\"https:\\\/\\\/entrebits.com.br\\\/blog\\\/politica-de-cookies\\\/\",\"name\":\"Pol\u00edtica de Cookies | De bit em bit Blog\",\"isPartOf\":{\"@id\":\"https:\\\/\\\/entrebits.com.br\\\/blog\\\/#website\"},\"datePublished\":\"2024-09-13T22:37:53+00:00\",\"dateModified\":\"2025-09-13T13:47:53+00:00\",\"description\":\"Saiba como utilizamos cookies para melhorar sua experi\u00eancia em nosso site. Esta p\u00e1gina explica o que s\u00e3o cookies, como os usamos e como voc\u00ea pode gerenciar suas prefer\u00eancias. Sua privacidade e controle s\u00e3o importantes para n\u00f3s!\",\"breadcrumb\":{\"@id\":\"https:\\\/\\\/entrebits.com.br\\\/blog\\\/politica-de-cookies\\\/#breadcrumb\"},\"inLanguage\":\"pt-BR\",\"potentialAction\":[{\"@type\":\"ReadAction\",\"target\":[\"https:\\\/\\\/entrebits.com.br\\\/blog\\\/politica-de-cookies\\\/\"]}]},{\"@type\":\"BreadcrumbList\",\"@id\":\"https:\\\/\\\/entrebits.com.br\\\/blog\\\/politica-de-cookies\\\/#breadcrumb\",\"itemListElement\":[{\"@type\":\"ListItem\",\"position\":1,\"name\":\"In\u00edcio\",\"item\":\"https:\\\/\\\/entrebits.com.br\\\/blog\\\/\"},{\"@type\":\"ListItem\",\"position\":2,\"name\":\"Pol\u00edtica de Cookies\"}]},{\"@type\":\"WebSite\",\"@id\":\"https:\\\/\\\/entrebits.com.br\\\/blog\\\/#website\",\"url\":\"https:\\\/\\\/entrebits.com.br\\\/blog\\\/\",\"name\":\"De bit em bit Blog\",\"description\":\"Conte\u00fado para potencializar o seu neg\u00f3cio e o seu dia a dia\",\"publisher\":{\"@id\":\"https:\\\/\\\/entrebits.com.br\\\/blog\\\/#organization\"},\"potentialAction\":[{\"@type\":\"SearchAction\",\"target\":{\"@type\":\"EntryPoint\",\"urlTemplate\":\"https:\\\/\\\/entrebits.com.br\\\/blog\\\/?s={search_term_string}\"},\"query-input\":{\"@type\":\"PropertyValueSpecification\",\"valueRequired\":true,\"valueName\":\"search_term_string\"}}],\"inLanguage\":\"pt-BR\"},{\"@type\":\"Organization\",\"@id\":\"https:\\\/\\\/entrebits.com.br\\\/blog\\\/#organization\",\"name\":\"De bit em bit | Blog\",\"alternateName\":\"Entre Bits\",\"url\":\"https:\\\/\\\/entrebits.com.br\\\/blog\\\/\",\"logo\":{\"@type\":\"ImageObject\",\"inLanguage\":\"pt-BR\",\"@id\":\"https:\\\/\\\/entrebits.com.br\\\/blog\\\/#\\\/schema\\\/logo\\\/image\\\/\",\"url\":\"https:\\\/\\\/entrebits.com.br\\\/blog\\\/wp-content\\\/uploads\\\/2024\\\/09\\\/Blog-EB-Logo-Claro.png\",\"contentUrl\":\"https:\\\/\\\/entrebits.com.br\\\/blog\\\/wp-content\\\/uploads\\\/2024\\\/09\\\/Blog-EB-Logo-Claro.png\",\"width\":500,\"height\":500,\"caption\":\"De bit em bit | Blog\"},\"image\":{\"@id\":\"https:\\\/\\\/entrebits.com.br\\\/blog\\\/#\\\/schema\\\/logo\\\/image\\\/\"},\"sameAs\":[\"https:\\\/\\\/instagram.com\\\/entrebits.tech\",\"https:\\\/\\\/www.linkedin.com\\\/company\\\/entrebits\"]}]}<\/script>\n<!-- \/ Yoast SEO plugin. -->","yoast_head_json":{"title":"Pol\u00edtica de Cookies | De bit em bit Blog","description":"Saiba como utilizamos cookies para melhorar sua experi\u00eancia em nosso site. Esta p\u00e1gina explica o que s\u00e3o cookies, como os usamos e como voc\u00ea pode gerenciar suas prefer\u00eancias. Sua privacidade e controle s\u00e3o importantes para n\u00f3s!","robots":{"index":"index","follow":"follow","max-snippet":"max-snippet:-1","max-image-preview":"max-image-preview:large","max-video-preview":"max-video-preview:-1"},"canonical":"https:\/\/entrebits.com.br\/blog\/politica-de-cookies\/","og_locale":"pt_BR","og_type":"article","og_title":"Pol\u00edtica de Cookies | De bit em bit Blog","og_description":"Saiba como utilizamos cookies para melhorar sua experi\u00eancia em nosso site. Esta p\u00e1gina explica o que s\u00e3o cookies, como os usamos e como voc\u00ea pode gerenciar suas prefer\u00eancias. Sua privacidade e controle s\u00e3o importantes para n\u00f3s!","og_url":"https:\/\/entrebits.com.br\/blog\/politica-de-cookies\/","og_site_name":"De bit em bit Blog","article_modified_time":"2025-09-13T13:47:53+00:00","twitter_card":"summary_large_image","twitter_misc":{"Est. tempo de leitura":"2 minutos"},"schema":{"@context":"https:\/\/schema.org","@graph":[{"@type":"WebPage","@id":"https:\/\/entrebits.com.br\/blog\/politica-de-cookies\/","url":"https:\/\/entrebits.com.br\/blog\/politica-de-cookies\/","name":"Pol\u00edtica de Cookies | De bit em bit Blog","isPartOf":{"@id":"https:\/\/entrebits.com.br\/blog\/#website"},"datePublished":"2024-09-13T22:37:53+00:00","dateModified":"2025-09-13T13:47:53+00:00","description":"Saiba como utilizamos cookies para melhorar sua experi\u00eancia em nosso site. Esta p\u00e1gina explica o que s\u00e3o cookies, como os usamos e como voc\u00ea pode gerenciar suas prefer\u00eancias. Sua privacidade e controle s\u00e3o importantes para n\u00f3s!","breadcrumb":{"@id":"https:\/\/entrebits.com.br\/blog\/politica-de-cookies\/#breadcrumb"},"inLanguage":"pt-BR","potentialAction":[{"@type":"ReadAction","target":["https:\/\/entrebits.com.br\/blog\/politica-de-cookies\/"]}]},{"@type":"BreadcrumbList","@id":"https:\/\/entrebits.com.br\/blog\/politica-de-cookies\/#breadcrumb","itemListElement":[{"@type":"ListItem","position":1,"name":"In\u00edcio","item":"https:\/\/entrebits.com.br\/blog\/"},{"@type":"ListItem","position":2,"name":"Pol\u00edtica de Cookies"}]},{"@type":"WebSite","@id":"https:\/\/entrebits.com.br\/blog\/#website","url":"https:\/\/entrebits.com.br\/blog\/","name":"De bit em bit Blog","description":"Conte\u00fado para potencializar o seu neg\u00f3cio e o seu dia a dia","publisher":{"@id":"https:\/\/entrebits.com.br\/blog\/#organization"},"potentialAction":[{"@type":"SearchAction","target":{"@type":"EntryPoint","urlTemplate":"https:\/\/entrebits.com.br\/blog\/?s={search_term_string}"},"query-input":{"@type":"PropertyValueSpecification","valueRequired":true,"valueName":"search_term_string"}}],"inLanguage":"pt-BR"},{"@type":"Organization","@id":"https:\/\/entrebits.com.br\/blog\/#organization","name":"De bit em bit | Blog","alternateName":"Entre Bits","url":"https:\/\/entrebits.com.br\/blog\/","logo":{"@type":"ImageObject","inLanguage":"pt-BR","@id":"https:\/\/entrebits.com.br\/blog\/#\/schema\/logo\/image\/","url":"https:\/\/entrebits.com.br\/blog\/wp-content\/uploads\/2024\/09\/Blog-EB-Logo-Claro.png","contentUrl":"https:\/\/entrebits.com.br\/blog\/wp-content\/uploads\/2024\/09\/Blog-EB-Logo-Claro.png","width":500,"height":500,"caption":"De bit em bit | Blog"},"image":{"@id":"https:\/\/entrebits.com.br\/blog\/#\/schema\/logo\/image\/"},"sameAs":["https:\/\/instagram.com\/entrebits.tech","https:\/\/www.linkedin.com\/company\/entrebits"]}]}},"_links":{"self":[{"href":"https:\/\/entrebits.com.br\/blog\/wp-json\/wp\/v2\/pages\/160","targetHints":{"allow":["GET"]}}],"collection":[{"href":"https:\/\/entrebits.com.br\/blog\/wp-json\/wp\/v2\/pages"}],"about":[{"href":"https:\/\/entrebits.com.br\/blog\/wp-json\/wp\/v2\/types\/page"}],"author":[{"embeddable":true,"href":"https:\/\/entrebits.com.br\/blog\/wp-json\/wp\/v2\/users\/1"}],"replies":[{"embeddable":true,"href":"https:\/\/entrebits.com.br\/blog\/wp-json\/wp\/v2\/comments?post=160"}],"version-history":[{"count":16,"href":"https:\/\/entrebits.com.br\/blog\/wp-json\/wp\/v2\/pages\/160\/revisions"}],"predecessor-version":[{"id":734,"href":"https:\/\/entrebits.com.br\/blog\/wp-json\/wp\/v2\/pages\/160\/revisions\/734"}],"wp:attachment":[{"href":"https:\/\/entrebits.com.br\/blog\/wp-json\/wp\/v2\/media?parent=160"}],"curies":[{"name":"wp","href":"https:\/\/api.w.org\/{rel}","templated":true}]}}